{"id":5101,"date":"2021-05-07T18:43:15","date_gmt":"2021-05-07T21:43:15","guid":{"rendered":"http:\/\/www.abep-prodabel.com.br\/?page_id=5101"},"modified":"2022-02-04T12:08:01","modified_gmt":"2022-02-04T15:08:01","slug":"como-se-associar","status":"publish","type":"page","link":"https:\/\/abep-prodabel.com.br\/index.php\/como-se-associar\/","title":{"rendered":"\u00a0COMO SE ASSOCIAR"},"content":{"rendered":"<h5>\u00a0COMO SE ASSOCIAR<\/h5>\n<p>Quem<b> pode se associar \u00e0 Abep?<\/b><\/p>\n<p>Poder\u00e3o ser admitidos como associados todos aqueles que mant\u00eam rela\u00e7\u00e3o de emprego com a PRODABEL, os empregados da Associa\u00e7\u00e3o, o associados especial (Ex-empregados da Prodabel aposentados) e associado,\u00a0 vinculados (\u00e9 aquele que j\u00e1 foi, na condi\u00e7\u00e3o de filho(a), enteado(a), tutelado(a) de Associado Efetivo, ou seja, dependente, e opta por prosseguir pertencendo ao quadro social da associa\u00e7\u00e3o), que estes por proposta da Diretoria Executiva obtiveram a aprova\u00e7\u00e3o do Conselho Deliberativo\/Fiscal.\u00a0<\/p>\n<p>Para requerer a admiss\u00e3o, o candidato dever\u00e1 preencher <b>o formul\u00e1rio conforme link (<a href=\"https:\/\/www.abep-prodabel.com.br\/wp-content\/uploads\/2021\/02\/Ficha-de-Cadastro.docx\" target=\"_blank\" rel=\"noopener\">Baixe aqui<\/a>) <\/b>e enviar para <a href=\"mailto:abep@pbh.gov.br\">abep@pbh.gov.br<\/a> e comprometer-se a observar o estatuto da entidade e a legisla\u00e7\u00e3o aplic\u00e1vel.<\/p>\n<p><b>Categorias de Associados ver Estatuto:<\/b><\/p>\n<p><b style=\"color: inherit; font-family: inherit; letter-spacing: 0px;\">\u00a0 \u00a0 \u00a0 \u00a0 a) Patrocinador;<\/b><\/p>\n<p><b style=\"color: inherit; font-family: inherit; letter-spacing: 0px;\">\u00a0 \u00a0 \u00a0 \u00a0 b) Efetivo;<\/b><\/p>\n<p><b style=\"color: inherit; font-family: inherit; letter-spacing: 0px;\">\u00a0 \u00a0 \u00a0 \u00a0 c) Especial;<\/b><\/p>\n<p><b style=\"color: inherit; font-family: inherit; letter-spacing: 0px;\">\u00a0 \u00a0 \u00a0 \u00a0 d) Vinculado;<\/b><\/p>\n<p><b><a href=\"http:\/\/www.abep-prodabel.com.br\/wp-content\/uploads\/2021\/06\/ESTATUTO-REGISTRADO-1.pdf\" target=\"_blank\" rel=\"noopener\">Baixe o estatuto aqui!<\/a><\/b><\/p>\n<p>Ap\u00f3s 90 dias de admiss\u00e3o, os benef\u00edcios ser\u00e3o concedidos, com exce\u00e7\u00e3o de Assist\u00eancia M\u00e9dica prestada por meio dos conv\u00eanios mantidos pela ABEP, no que se refere a consultas e exames complementares, que j\u00e1 ficam dispon\u00edveis imediatamente.<\/p>\n<p>Para usufruir dos benef\u00edcios, o associado se compromete com uma contribui\u00e7\u00e3o mensal de 1,5% sobre a folha de pagamento (sal\u00e1rio nominal), sendo a contribui\u00e7\u00e3o m\u00ednima igual a 4,9% e a m\u00e1xima a 14,3% do sal\u00e1rio m\u00ednimo vigente em Belo Horizonte, por funcion\u00e1rio da PRODABEL.<\/p>\n<p><b>Quem pode ser meu dependente?<\/b><\/p>\n<p>Ser\u00e3o considerados dependentes diretos dos associados, mediante obrigat\u00f3ria comprova\u00e7\u00e3o de depend\u00eancia:\u00a0<\/p>\n<p>&#8211; A(o) esposa(o), comprovado pelo fornecimento de c\u00f3pia da certid\u00e3o de casamento;<\/p>\n<p>\u00a0&#8211; Os filhos do associado, menores de 21 (vinte e um) anos, desde que solteiros, comprovado pelo fornecimento de c\u00f3pia da certid\u00e3o de nascimento;\u00a0<\/p>\n<p>&#8211; Os filhos do associado, maiores de 21 (vinte e um) anos e at\u00e9 24 (vinte e quatro) anos, desde que solteiros,\u00a0 que n\u00e3o possuam renda pr\u00f3pria e estejam matriculados em qualquer escola ou faculdade com comprovante (xerox autenticado) de matr\u00edcula no per\u00edodo letivo vigente, e declara\u00e7\u00e3o do respons\u00e1vel atestando residir em sua companhia e n\u00e3o possuir renda pr\u00f3pria;<\/p>\n<p>&#8211; A m\u00e3e ou pai do associado que seja solteiro.<\/p>\n<p>Para mais informa\u00e7\u00f5es, entre em contato com nossa equipe.\u00a0<\/p>\n","protected":false},"excerpt":{"rendered":"<p>\u00a0COMO SE ASSOCIAR Quem pode se associar \u00e0 Abep? Poder\u00e3o ser admitidos como associados todos aqueles que mant\u00eam rela\u00e7\u00e3o de emprego com a PRODABEL, os empregados da Associa\u00e7\u00e3o, o associados especial (Ex-empregados da Prodabel aposentados) e associado,\u00a0 vinculados (\u00e9 aquele que j\u00e1 foi, na condi\u00e7\u00e3o de filho(a), enteado(a), tutelado(a) de Associado Efetivo, ou seja, dependente, [&hellip;]<\/p>\n","protected":false},"author":1,"featured_media":0,"parent":0,"menu_order":0,"comment_status":"closed","ping_status":"closed","template":"","meta":{"footnotes":""},"class_list":["post-5101","page","type-page","status-publish","hentry"],"_links":{"self":[{"href":"https:\/\/abep-prodabel.com.br\/index.php\/wp-json\/wp\/v2\/pages\/5101","targetHints":{"allow":["GET"]}}],"collection":[{"href":"https:\/\/abep-prodabel.com.br\/index.php\/wp-json\/wp\/v2\/pages"}],"about":[{"href":"https:\/\/abep-prodabel.com.br\/index.php\/wp-json\/wp\/v2\/types\/page"}],"author":[{"embeddable":true,"href":"https:\/\/abep-prodabel.com.br\/index.php\/wp-json\/wp\/v2\/users\/1"}],"replies":[{"embeddable":true,"href":"https:\/\/abep-prodabel.com.br\/index.php\/wp-json\/wp\/v2\/comments?post=5101"}],"version-history":[{"count":19,"href":"https:\/\/abep-prodabel.com.br\/index.php\/wp-json\/wp\/v2\/pages\/5101\/revisions"}],"predecessor-version":[{"id":5522,"href":"https:\/\/abep-prodabel.com.br\/index.php\/wp-json\/wp\/v2\/pages\/5101\/revisions\/5522"}],"wp:attachment":[{"href":"https:\/\/abep-prodabel.com.br\/index.php\/wp-json\/wp\/v2\/media?parent=5101"}],"curies":[{"name":"wp","href":"https:\/\/api.w.org\/{rel}","templated":true}]}}