{"id":5094,"date":"2021-05-07T18:40:49","date_gmt":"2021-05-07T21:40:49","guid":{"rendered":"http:\/\/www.abep-prodabel.com.br\/?page_id=5094"},"modified":"2022-07-20T11:14:12","modified_gmt":"2022-07-20T14:14:12","slug":"avisos-e-informativos","status":"publish","type":"page","link":"https:\/\/abep-prodabel.com.br\/index.php\/avisos-e-informativos\/","title":{"rendered":"AVISOS E INFORMATIVOS\u00a0"},"content":{"rendered":"<h5>INFORMATIVOS<\/h5>\n<p><em>Prezados (as),<\/em><\/p>\n<p><em>Sempre em busca de agregar benef\u00edcios aos associados e funcion\u00e1rios da Prodabel, a ABEP firmou um conv\u00eanio com a QUARTZO INCORPORADORA. Sim voc\u00ea que sonha com um magn\u00edfico im\u00f3vel, agora\u00a0<\/em><em>contar\u00e1 com desconto para adquirir o seu.<\/em><em><br \/><\/em><\/p>\n<p><em>Temos certeza que ser\u00e1 uma combina\u00e7\u00e3o explosiva de sucesso!<br \/><\/em><\/p>\n<p><em> O empreendimento <strong>Exclusive Montreal<\/strong> ser\u00e1 lan\u00e7ado nos pr\u00f3ximos dias bem pr\u00f3ximo\u00a0\u00e0 Prodabel e voc\u00ea j\u00e1 \u00e9 um parceiro <strong>Magn\u00edfico.<\/strong> Mas se voc\u00ea quer seu im\u00f3vel\u00a0em outra regi\u00e3o, a Quartzo tem essa possibilidade tamb\u00e9m.<\/em><\/p>\n<p><em>Para saber mais, aponte a c\u00e2mera de seu celular (Leitor de QR-Code), preencha o cadastro para que uma consultora Quartzo possa entrar em contato e te apresentar os benef\u00edcios oferecidos a voc\u00ea e sua fam\u00edlia.<br \/><\/em><\/p>\n<p><em><strong>QR-Code.<\/strong><\/em><em> ( SOLICITAR NA ABEP)<\/em><\/p>\n<p>\u00a0<\/p>\n<p><em>Administra\u00e7\u00e3o da ABEP<\/em><\/p>\n<p><em>3277-8314 ou 3412-7833<\/em><\/p>\n<p><em>Whatsapp: (31)9.8689-2006<\/em><\/p>\n<p><em>\u00a0<\/em><\/p>\n<p>\u00a0<\/p>\n<p>\u00a0INFORMATIVOS\u00a0<\/p>\n<p>\u00a0<\/p>\n<p>A ABEP tem como uma das fun\u00e7\u00f5es proporcionar facilidade ao acesso a conv\u00eanios, oferecer benef\u00edcios e eventos para o bem estar de seus associados e familiares.<\/p>\n<p>E para que\u00a0continuemos a\u00a0atender\u00a0aos associados, foram definidas as seguintes quest\u00f5es para o segundo semestre de 2022:<\/p>\n<ol>\n<li><strong>VALOR DA COTA PARA REEMBOLSO\u00a0TRIMESTRAL<\/strong><\/li>\n<\/ol>\n<p><strong>\u00a0<\/strong>O valor da cota para o segundo semestre de 2022 ser\u00e1 de 45% (Quarenta e Cinco por\u00a0Cento)\u00a0da soma da contribui\u00e7\u00e3o mensal para cada associado, ou seja, o associado poder\u00e1 ter<strong>\u00a045% de sua contribui\u00e7\u00e3o de\u00a0volta em benef\u00edcios no 3\u00ba (Setembro) e 4\u00ba\u00a0 (Dezembro) trimestre.<\/strong><\/p>\n<p><strong>Assim, se por exemplo:<\/strong><\/p>\n<ul>\n<li><strong>\u00a0<\/strong>O associado contribuir com\u00a0R$ 59,39,\u00a0o valor total da cota trimestral de reembolso vai cobrir,\u00a0para quem tiver os benef\u00edcios,\u00a0os conv\u00eanios da Amil, CVS e seguro de vida, n\u00e3o sobrando saldo para reembolso de rem\u00e9dios, consultas, pr\u00f3teses e afins.<\/li>\n<\/ul>\n<p><strong>OBS:<\/strong>\u00a0Caso n\u00e3o tenha todos os benef\u00edcios\u00a0ou somente parte e sobrando saldo da cota poder\u00e1 utilizar para os reembolsos conforme \u00edtem 2.1\u00a0<strong>TIPOS DE REEMBOLSO.<\/strong><\/p>\n<ul>\n<li>O associado contribuir com R$ 105,05, o valor total da cota trimestral de reembolso \u00e9 R$ 141,81, descontados os conv\u00eanios Amil (3 x R$17,30) + CVS (3 x R$12,90) e Seguro de Vida (3 x R$7,90) = 114,30, sobrando R$ 27,51 para reembolso de rem\u00e9dios, consultas, pr\u00f3teses e afins,\u00a0conforme item 2.1\u00a0<strong>TIPOS DE REEMBOLSO<\/strong>.<\/li>\n<\/ul>\n<p><strong>Importante ficar atento \u00e0 dedu\u00e7\u00e3o dos benef\u00edcios, conforme descrito abaixo.<\/strong><\/p>\n<ol start=\"2\">\n<li><strong>SOBRE O REEMBOLSO<\/strong><\/li>\n<\/ol>\n<p><strong>\u00a0<\/strong>O reembolso ser\u00e1 trimestral, devendo o associado apresentar o pedido at\u00e9 o dia 13 do \u00faltimo m\u00eas do trimestre, conforme o limite das datas abaixo:<\/p>\n<p><strong>3\u00b0 trimestre: 13\/09<\/strong><\/p>\n<p><strong>4\u00b0 trimestre: 13\/12<\/strong><\/p>\n<p>Se o associado apresentar notas com valor acima do residual de reembolso ele vai receber apenas o valor residual.<\/p>\n<p>Se o associado apresentar notas com o valor abaixo do seu residual de reembolso ele vai receber apenas o valor das notas.<\/p>\n<p><strong>\u00a0<\/strong><strong>Importante:<\/strong><\/p>\n<ul>\n<li>O residual da cota n\u00e3o utilizada no trimestre, seja ela parcial ou total, n\u00e3o acumula para o pr\u00f3ximo trimestre;.<\/li>\n<li>Caso o associado tenha benef\u00edcios como reembolsos (Drogaria Ara\u00fajo, Plano Odontol\u00f3gico, Seguro de vida e CVS Sa\u00fade, etc.), ser\u00e3o deduzidos da cota remanescendo o residual para reembolso<\/li>\n<li>No final do ano, n\u00e3o haver\u00e1 restitui\u00e7\u00e3o (devolu\u00e7\u00e3o) de um trimestre da cota para o associado que n\u00e3o tiver recebido reembolsos nos tr\u00eas trimestres anteriores.<\/li>\n<\/ul>\n<p><strong>2.1<\/strong>\u00a0\u00a0<strong>&#8211; TIPOS DE REEMBOLSO:<\/strong><\/p>\n<p><strong>\u00a0<\/strong>Os reembolsos concedidos pela ABEP para associados e dependentes, incidir\u00e3o sobre despesas provenientes de:<\/p>\n<ul>\n<li>Tratamento Dent\u00e1rio em geral e manuten\u00e7\u00e3o de aparelhos;<\/li>\n<li>Tratamento Psicol\u00f3gico, Psicoter\u00e1pico e Psicopedag\u00f3gico;<\/li>\n<li>Tratamento Fonoaudiol\u00f3gico;<\/li>\n<li>Tratamento Foni\u00e1trico;<\/li>\n<li>Tratamento Nutricional;<\/li>\n<li>Terapia Ocupacional;<\/li>\n<li>Tratamento de Acupuntura;<\/li>\n<li>Aquisi\u00e7\u00e3o de aparelho corretivo ortop\u00e9dico (bota, palmilha e outros);<\/li>\n<li>Aquisi\u00e7\u00e3o de \u00f3culos corretivos, lentes de contato e procedimentos oftalmol\u00f3gicos, desde que por indica\u00e7\u00e3o m\u00e9dica;<\/li>\n<li>Compra de medicamentos, (Rem\u00e9dios homeop\u00e1ticos, Rem\u00e9dios Gen\u00e9ricos, Rem\u00e9dios alop\u00e1ticos, Produtos medicamentosos, Rem\u00e9dios manipulados);<\/li>\n<li>Meias e cintas por indica\u00e7\u00e3o m\u00e9dica;<\/li>\n<li>Vacinas com receita m\u00e9dica;<\/li>\n<li>Despesa com ligadura de trompas, vasectomia e coloca\u00e7\u00e3o de DIU (Dispositivo intrauterino), desde que por indica\u00e7\u00e3o m\u00e9dica;<\/li>\n<li>Exames Hospitalares e Cirurgias n\u00e3o acobertados pelo Plano de Sa\u00fade;<\/li>\n<li>Reembolso de inscri\u00e7\u00e3o em eventos de corrida de rua, academias e pr\u00e1ticas esportivas;<\/li>\n<li>Inscri\u00e7\u00e3o em concurso p\u00fablicos, matr\u00edculas e mensalidades em cursos preparat\u00f3rios para concursos;<\/li>\n<li>Livros escolares e t\u00e9cnicos;<\/li>\n<li>Matr\u00edculas e mensalidades em creches, Escolas e Faculdades;<\/li>\n<li>Despesas com Funeral de titular e dependentes;<\/li>\n<li>Matrim\u00f4nio;<\/li>\n<li>Natalidade;<\/li>\n<li>Previd\u00eancia complementar;<\/li>\n<li>E outros \u00e0 crit\u00e9rio da Diretoria.<\/li>\n<\/ul>\n<p><strong>Importante:<\/strong><\/p>\n<ul>\n<li><strong>\u00a0<\/strong>Para estes reembolsos continuam sendo necess\u00e1rias as comprova\u00e7\u00f5es do pagamento via Recibos ou Notas Fiscais para empresas, devidamente carimbadas e assinadas pelo profissional de cada \u00e1rea e com descri\u00e7\u00e3o no documento do procedimento feito ou produto adquirido, n\u00e3o podendo ter estes documentos quaisquer tipo de rasuras, ou faltando peda\u00e7o.<\/li>\n<li>A validade dos Recibos ou Notas Fiscais para reembolsos ser\u00e1 de at\u00e9 90 dias a contar pela data de emiss\u00e3o, os reembolsos solicitados no trimestre e processados na ABEP mesmo que n\u00e3o contemplados, n\u00e3o poder\u00e3o ser reutilizados em outro trimestre.<\/li>\n<\/ul>\n<p><strong>\u00c9 importante ressaltar que as a\u00e7\u00f5es apresentadas e aprovadas, visam primeiramente dar continuidade \u00e0s a\u00e7\u00f5es beneficentes da associa\u00e7\u00e3o e valorizar o associado.<\/strong><\/p>\n<p>A partir desta data, ficam revogadas todas as decis\u00f5es em contr\u00e1rio, incluindo a portaria 0004\/2022 de 18\/01\/2022.<\/p>\n<p>RICARDO JOS\u00c9 TEIXEIRA LEITE\u00a0\u00a0\u00a0\u00a0\u00a0\u00a0\u00a0\u00a0\u00a0\u00a0\u00a0\u00a0\u00a0 FRANCIS EUST\u00c1QUIO TEIXEIRA DE CARVALHO\u00a0 \u00a0 \u00a0 \u00a0 \u00a0 \u00a0 \u00a0 \u00a0 \u00a0 \u00a0 \u00a0 \u00a0 \u00a0 \u00a0 \u00a0 \u00a0 \u00a0 \u00a0 \u00a0 \u00a0D\u00c1LCIO TADEU PIMENTEL\u00a0 \u00a0\u00a0<\/p>\n<p>\u00a0\u00a0\u00a0\u00a0\u00a0\u00a0\u00a0\u00a0\u00a0\u00a0\u00a0\u00a0\u00a0\u00a0 PRESIDENTE\u00a0\u00a0\u00a0\u00a0\u00a0\u00a0\u00a0\u00a0\u00a0\u00a0\u00a0\u00a0\u00a0\u00a0\u00a0\u00a0\u00a0\u00a0\u00a0\u00a0\u00a0\u00a0\u00a0\u00a0\u00a0\u00a0\u00a0\u00a0\u00a0\u00a0\u00a0\u00a0\u00a0\u00a0\u00a0 DIRETOR ADMINISTRATIVO E FINANCEIRO\u00a0 \u00a0 \u00a0 \u00a0 \u00a0 \u00a0 \u00a0 \u00a0 \u00a0 \u00a0 \u00a0 \u00a0 \u00a0 \u00a0DIRETOR DE BENEF\u00cdCIOS E ATIVIDADES SOCIAI<\/p>\n<h5>\u00a0 \u00a0 \u00a0 \u00a0 \u00a0 \u00a0 \u00a0 \u00a0 \u00a0 \u00a0 \u00a0 \u00a0 \u00a0 \u00a0 \u00a0 \u00a0 \u00a0 \u00a0 \u00a0 \u00a0 \u00a0 \u00a0 \u00a0 \u00a0 \u00a0 \u00a0 \u00a0 \u00a0 \u00a0 \u00a0 \u00a0 \u00a0 \u00a0 \u00a0 \u00a0 \u00a0 \u00a0 \u00a0 \u00a0 \u00a0AVISOS E INFORMATIVOS<\/h5>\n<p>\u00a0 \u00a0 \u00a0 \u00a0 \u00a0 \u00a0 \u00a0 \u00a0 \u00a0 \u00a0 \u00a0 \u00a0 \u00a0 \u00a0 \u00a0 \u00a0 \u00a0 \u00a0 \u00a0 \u00a0 \u00a0 \u00a0 \u00a0 \u00a0 \u00a0 \u00a0 \u00a0 \u00a0 \u00a0 \u00a0 \u00a0 \u00a0 \u00a0 \u00a0 \u00a0 \u00a0 \u00a0 \u00a0 \u00a0 \u00a0 \u00a0 \u00a0 \u00a0 \u00a0 \u00a0 \u00a0 \u00a0 \u00a0 \u00a0 \u00a0 \u00a0 \u00a0 \u00a0 \u00a0 \u00a0 PARTICIPE DOS NOSSOS EVENTOS:\u00a0\u00a0<\/p>\n<h5>\u00a0 \u00a0 \u00a0 \u00a0 \u00a0 \u00a0 \u00a0 \u00a0 \u00a0 \u00a0 \u00a0 \u00a0 \u00a0 \u00a0 \u00a0 \u00a0 \u00a0 \u00a0 \u00a0 \u00a0 \u00a0 \u00a0 \u00a0 \u00a0<img decoding=\"async\" src=\"https:\/\/abep-prodabel.com.br\/wp-content\/uploads\/2022\/06\/Cartaz-festa-junina-212x300.png\" alt=\"\" width=\"212\" height=\"300\" \/>\u00a0 \u00a0 \u00a0 \u00a0 \u00a0 \u00a0 \u00a0 \u00a0 \u00a0 \u00a0 \u00a0 \u00a0 \u00a0 \u00a0 \u00a0\u00a0<img decoding=\"async\" style=\"color: #383838; font-family: Roboto, sans-serif; font-size: 22px;\" src=\"https:\/\/abep-prodabel.com.br\/wp-content\/uploads\/2022\/06\/Ferias-e-no-Parque-Guanabara-1-1-300x213.png\" alt=\"\" width=\"294\" height=\"209\" \/>\u00a0 \u00a0 \u00a0 \u00a0 \u00a0 \u00a0 \u00a0 \u00a0 \u00a0 \u00a0 \u00a0 \u00a0 \u00a0 \u00a0 \u00a0 \u00a0 \u00a0 \u00a0 \u00a0 \u00a0 \u00a0 \u00a0 \u00a0 \u00a0 \u00a0 \u00a0 \u00a0 \u00a0\u00a0<\/h5>\n<p>\u00a0<\/p>\n<p style=\"margin: 0cm 0cm 0.0001pt; color: #000000; text-align: center; background-image: initial; background-position: initial; background-size: initial; background-repeat: initial; background-origin: initial; background-clip: initial;\" align=\"center\">\u00a0<\/p>\n<p style=\"margin: 0cm 0cm 0.0001pt; color: #000000; text-align: center; background-image: initial; background-position: initial; background-size: initial; background-repeat: initial; background-origin: initial; background-clip: initial;\" align=\"center\">\u00a0<\/p>\n<p style=\"margin: 0cm 0cm 0.0001pt; color: #000000; text-align: center; background-image: initial; background-position: initial; background-size: initial; background-repeat: initial; background-origin: initial; background-clip: initial;\" align=\"center\">\u00a0<\/p>\n<p style=\"margin: 0cm 0cm 0.0001pt; color: #000000; text-align: center; background-image: initial; background-position: initial; background-size: initial; background-repeat: initial; background-origin: initial; background-clip: initial;\" align=\"center\">\u00a0<\/p>\n<p style=\"margin: 0cm 0cm 0.0001pt; color: #000000; text-align: center; background-image: initial; background-position: initial; background-size: initial; background-repeat: initial; background-origin: initial; background-clip: initial;\" align=\"center\">\u00a0<\/p>\n<p> <img decoding=\"async\" src=\"https:\/\/abep-prodabel.com.br\/wp-content\/uploads\/2022\/05\/A-maior-recompensa-pelo-nosso-trabalho-nao-e-o-que-nos-pagam-por-ele-mas-aquilo-em-que-ele-nos-transforma.-2.png\" \/><\/p>\n<p>\u00a0 \u00a0 \u00a0 \u00a0 \u00a0 \u00a0 \u00a0 \u00a0 \u00a0 \u00a0 \u00a0 \u00a0 \u00a0 \u00a0 \u00a0 \u00a0 \u00a0 \u00a0 \u00a0 \u00a0 \u00a0 \u00a0 \u00a0 \u00a0 \u00a0 \u00a0 \u00a0 \u00a0 \u00a0 \u00a0 \u00a0 \u00a0 \u00a0 \u00a0 \u00a0 \u00a0 \u00a0 \u00a0 \u00a0 \u00a0 \u00a0 \u00a0\u00a0<\/p>\n<p>\u00a0<\/p>\n<p><strong style=\"color: inherit; font-family: inherit; letter-spacing: 0px;\">\u00a0<\/strong><\/p>\n<p>\u00a0<\/p>\n<h5>AVISOS E INFORMATIVOS<\/h5>\n<p>\u00a0\u00a0\u00a0 \u00a0 \u00a0 \u00a0 \u00a0 \u00a0 \u00a0 \u00a0 \u00a0 \u00a0 \u00a0 \u00a0 \u00a0 \u00a0\u00a0<\/p>\n<p>\u00a0 \u00a0\u00a0\u00a0 \u00a0 \u00a0 \u00a0 \u00a0 \u00a0 \u00a0 \u00a0 \u00a0 \u00a0 \u00a0 \u00a0 \u00a0 \u00a0 \u00a0 \u00a0 \u00a0\u00a0<strong style=\"color: inherit; font-family: inherit; letter-spacing: 0px;\">\u00a0 \u00a0 \u00a0 \u00a0 \u00a0 \u00a0 \u00a0 \u00a0 \u00a0 \u00a0 \u00a0 \u00a0 \u00a0 \u00a0 \u00a0 \u00a0 \u00a0 \u00a0 \u00a0 \u00a0 \u00a0 \u00a0\u00a0<\/strong><\/p>\n<p><strong>\u00a0 \u00a0 \u00a0 \u00a0 \u00a0 \u00a0 \u00a0 \u00a0 \u00a0 \u00a0 \u00a0 \u00a0 ELEI\u00c7\u00c3O NA ABEP\u00a0\u2013 2022 \/ 2024<\/strong><\/p>\n<p><strong>\u00a0 \u00a0 \u00a0 \u00a0 \u00a0 \u00a0 \u00a0 \u00a0 \u00a0 \u00a0 \u00a0 \u00a0 \u00a0 \u00a0 \u00a0 \u00a0 \u00a0 \u00a0 \u00a0 \u00a0 \u00a0 \u00a0 \u00a0 \u00a0 \u00a0 \u00a0 \u00a0 \u00a0 \u00a0 \u00a0 \u00a0 \u00a0 \u00a0 \u00a0 \u00a0 \u00a0 \u00a0 \u00a0 \u00a0 \u00a0 \u00a0 \u00a0 \u00a0 \u00a0 \u00a0 \u00a0 \u00a0 \u00a0 \u00a0 \u00a0 \u00a0 \u00a0 \u00a0 \u00a0 \u00a0 \u00a0 \u00a0 \u00a0 \u00a0EDITAL DE\u00a0CONVOCA\u00c7\u00c3O<\/strong><\/p>\n<p>A DIRETORIA EXECUTIVA DA ASSOCIA\u00c7\u00c3O BENEFICENTE DOS EMPREGADOS DA PROCESSAMENTO DE DADOS DO MUNIC\u00cdPIO DE BELO HORIZONTE S\/A, NA FORMA ESTATUT\u00c1RIA, CONVOCA SEUS ASSOCIADOS PARA A ELEI\u00c7\u00c3O DE NOVA DIRETORIA, CONSELHO DELIBERATIVO \/ FISCAL, A SER REALIZADA NO DIA\u00a0<strong>07 DE DEZEMBRO DE 2021,\u00a0<\/strong>NA SEDE DA PRODABEL, SITUADO NA AV. PRESIDENTE CARLOS LUZ, 1275, PARA O MANDATO DE 15\/01\/2022 A 14\/01\/2024.<\/p>\n<p>OS INTERESSADOS PODEM, DESDE J\u00c1, MONTAR E REGISTRAR SUAS CHAPAS JUNTO \u00c0 COMISS\u00c3O ELEITORAL, AT\u00c9 22\u00a0DE NOVEMBRO DE 2021.<\/p>\n<p><strong>COMISS\u00c3O ELEITORAL:<\/strong><\/p>\n<p>Carlos Ant\u00f4nio Ara\u00fajo\u00a0 \u00a0 \u00a0 \u00a0 \u00a0 \u00a0\u00a0 \u00a0\u2013 Ramal:\u00a03277-7532<\/p>\n<p>M\u00e1rcio De Souza Oliveira\u00a0 \u00a0 \u00a0 \u00a0 \u2013 Ramal:\u00a03277-7266<\/p>\n<p>Thiago Leonel Righi\u00a0 \u00a0 \u00a0 \u00a0 \u00a0 \u00a0 \u00a0 \u00a0 \u00a0\u2013 Ramal:\u00a03277-7559<\/p>\n<p>BELO HORIZONTE, 08 DE NOVEMBRO DE 2021<\/p>\n<p><strong>\u00a0 \u00a0 \u00a0 \u00a0 \u00a0 \u00a0 \u00a0 \u00a0 \u00a0 \u00a0 \u00a0 \u00a0 \u00a0 \u00a0 \u00a0 \u00a0 \u00a0 \u00a0 \u00a0 \u00a0 \u00a0 \u00a0 \u00a0 \u00a0 \u00a0 \u00a0 \u00a0 \u00a0 \u00a0 \u00a0 \u00a0 \u00a0 \u00a0 \u00a0 \u00a0 \u00a0 \u00a0 \u00a0 \u00a0 \u00a0 \u00a0 \u00a0 \u00a0 \u00a0 \u00a0 \u00a0 \u00a0 \u00a0 \u00a0 \u00a0 \u00a0 \u00a0 \u00a0 \u00a0 \u00a0 \u00a0 \u00a0 \u00a0 \u00a0 \u00a0Atenciosamente,<\/strong><strong style=\"color: inherit; font-family: inherit; letter-spacing: 0px;\">\u00a0 \u00a0 \u00a0 \u00a0 \u00a0 \u00a0<\/strong><\/p>\n<p><b style=\"color: inherit; font-family: inherit; letter-spacing: 0px;\">\u00a0<\/b><\/p>\n<p><b>Prezados Amigos<\/b>,\u00a0<\/p>\n<p>O Trabalhador Brasileiro, utiliza em torno de 10% de sua renda mensal com medicamentos de uso constante e medicamentos ocasionais para sua fam\u00edlia. A ABEP buscando estar sempre atenta \u00e0s necessidades do seu associado firmou um pr\u00e9-conv\u00eanio com a H&amp;R que conceder\u00e1 descontos muito consider\u00e1veis em in\u00fameros medicamentos, principalmente aqueles de utiliza\u00e7\u00e3o mais comum. Passaremos por um per\u00edodo de degusta\u00e7\u00e3o de 40 dias (a partir de 03\/09\/2021) no qual o acesso estar\u00e1 liberado a TODOS os trabalhadores da Prodabel e ap\u00f3s esse per\u00edodo, apenas ter\u00e3o acesso aqueles que forem associados.<br \/>A inscri\u00e7\u00e3o para utiliza\u00e7\u00e3o poder\u00e1 ser feita <a href=\"https:\/\/docs.google.com\/forms\/d\/1bAmsdxAISfe2Hejv8UH77bM3XC24xjyFayv82gCxgkE\">aqui<\/a> pelo site da ABEP.Entre, pesquise e veja a vantagem deste conv\u00eanio.<br \/>ABEP, atuando no presente e com os olhos postos no futuro!<\/p>\n<p>\u00a0<\/p>\n<p>\u00a0 \u00a0 \u00a0 \u00a0 \u00a0 \u00a0 \u00a0 \u00a0 \u00a0 \u00a0 \u00a0 \u00a0 \u00a0 \u00a0 \u00a0 \u00a0 \u00a0 \u00a0 \u00a0 \u00a0 \u00a0 \u00a0 \u00a0 \u00a0 \u00a0 \u00a0 \u00a0 \u00a0 \u00a0 \u00a0 \u00a0 \u00a0 \u00a0 \u00a0 \u00a0 \u00a0 \u00a0 \u00a0 \u00a0 \u00a0 \u00a0 \u00a0 \u00a0 Belo Horizonte, 03 de setembro de 2021<\/p>\n<p>\u00a0 \u00a0 \u00a0 \u00a0 \u00a0 \u00a0 \u00a0 \u00a0 \u00a0 \u00a0 \u00a0 \u00a0 \u00a0 \u00a0 \u00a0 \u00a0 \u00a0 \u00a0 \u00a0 \u00a0 \u00a0 \u00a0 \u00a0 \u00a0 \u00a0 \u00a0 \u00a0 \u00a0 \u00a0 \u00a0 \u00a0 \u00a0 \u00a0 \u00a0 \u00a0 \u00a0 \u00a0 \u00a0 \u00a0 \u00a0 \u00a0 \u00a0 \u00a0 \u00a0 \u00a0 \u00a0 \u00a0 \u00a0 \u00a0 \u00a0Diretoria Executiva da ABEP.<\/p>\n<p>\u00a0<\/p>\n<p>\u00a0<\/p>\n<p><b>Prezados\u00a0Associados<\/b>,\u00a0<\/p>\n<p>Em virtude das dificuldades do conv\u00edvio social estabelecido pela pandemia do Covid 19, a maioria dos associados estarem de f\u00e9rias e em trabalho HOME OFFICE, a Diretoria da ABEP est\u00e1 autorizando aos associados que forem solicitar reembolsos, enviar as solicita\u00e7\u00f5es de reembolsos e os documentos por e-mail (escaneado ou em foto) para o e-mail <a href=\"mailto:abep@pbh.gov.br\">abep@pbh.gov.br<\/a>.<\/p>\n<p><b>LEMBRAMOS QUE:<\/b><\/p>\n<p>As\u00a0compras efetuadas\u00a0no conv\u00eanio da Drogaria Ara\u00fajo n\u00e3o necessitam de encaminhamento de\u00a0 documenta\u00e7\u00e3o, tendo saldo de cota o reembolso ser\u00e1 autom\u00e1tico.<\/p>\n<p>As compras de medicamentos e produtos farmac\u00eauticos\u00a0com receita m\u00e9dica efetuadas no conv\u00eanio da Drogaria Cachoeirinha\u00a0(Granfarma)\u00a0e outras farm\u00e1cias,\u00a0favor preencher\u00a0e assinar\u00a0o formul\u00e1rio\u00a0de reembolso\u00a0<b>anexo<\/b>\u00a0e,\u00a0juntamente com o Cupom\u00a0\/ Nota\u00a0Fiscal e receita m\u00e9dica, encaminhar para a ABEP at\u00e9 o dia 13 do \u00faltimo m\u00eas do trimestre,\u00a0para processarmos o reembolso.<\/p>\n<p>A validade dos\u00a0Recibos ou\u00a0Cupom \/\u00a0Notas Fiscais\u00a0para reembolsos ser\u00e3o de at\u00e9 90 dias a contar pela data de emiss\u00e3o, os reembolsos solicitados no trimestre e processados na ABEP,\u00a0 mesmo que n\u00e3o contemplados\u00a0por falta de cota, n\u00e3o poder\u00e3o ser reutilizados em outro trimestre.\u00a0<\/p>\n<p>\u00a0<\/p>\n<p>\u00a0 \u00a0 \u00a0 \u00a0 \u00a0 \u00a0 \u00a0 \u00a0 \u00a0 \u00a0 \u00a0 \u00a0 \u00a0 \u00a0 \u00a0 \u00a0 \u00a0 \u00a0 \u00a0 \u00a0 \u00a0 \u00a0 \u00a0 \u00a0 \u00a0 \u00a0 \u00a0 \u00a0 \u00a0 \u00a0 \u00a0 \u00a0 \u00a0 \u00a0 \u00a0 \u00a0 \u00a0 \u00a0 \u00a0 \u00a0 \u00a0 \u00a0 \u00a0 \u00a0 Belo Horizonte, 13 de agosto de 2021<\/p>\n<p>\u00a0 \u00a0 \u00a0 \u00a0 \u00a0 \u00a0 \u00a0 \u00a0 \u00a0 \u00a0 \u00a0 \u00a0 \u00a0 \u00a0 \u00a0 \u00a0 \u00a0 \u00a0 \u00a0 \u00a0 \u00a0 \u00a0 \u00a0 \u00a0 \u00a0 \u00a0 \u00a0 \u00a0 \u00a0 \u00a0 \u00a0 \u00a0 \u00a0 \u00a0 \u00a0 \u00a0 \u00a0 \u00a0 \u00a0 \u00a0 \u00a0 \u00a0 \u00a0 \u00a0 \u00a0 \u00a0 \u00a0 \u00a0 \u00a0 \u00a0 \u00a0 Administra\u00e7\u00e3o da Abep<\/p>\n","protected":false},"excerpt":{"rendered":"<p>INFORMATIVOS Prezados (as), Sempre em busca de agregar benef\u00edcios aos associados e funcion\u00e1rios da Prodabel, a ABEP firmou um conv\u00eanio com a QUARTZO INCORPORADORA. Sim voc\u00ea que sonha com um magn\u00edfico im\u00f3vel, agora\u00a0contar\u00e1 com desconto para adquirir o seu. Temos certeza que ser\u00e1 uma combina\u00e7\u00e3o explosiva de sucesso! O empreendimento Exclusive Montreal ser\u00e1 lan\u00e7ado nos [&hellip;]<\/p>\n","protected":false},"author":1,"featured_media":0,"parent":0,"menu_order":0,"comment_status":"closed","ping_status":"closed","template":"","meta":{"footnotes":""},"class_list":["post-5094","page","type-page","status-publish","hentry"],"_links":{"self":[{"href":"https:\/\/abep-prodabel.com.br\/index.php\/wp-json\/wp\/v2\/pages\/5094","targetHints":{"allow":["GET"]}}],"collection":[{"href":"https:\/\/abep-prodabel.com.br\/index.php\/wp-json\/wp\/v2\/pages"}],"about":[{"href":"https:\/\/abep-prodabel.com.br\/index.php\/wp-json\/wp\/v2\/types\/page"}],"author":[{"embeddable":true,"href":"https:\/\/abep-prodabel.com.br\/index.php\/wp-json\/wp\/v2\/users\/1"}],"replies":[{"embeddable":true,"href":"https:\/\/abep-prodabel.com.br\/index.php\/wp-json\/wp\/v2\/comments?post=5094"}],"version-history":[{"count":190,"href":"https:\/\/abep-prodabel.com.br\/index.php\/wp-json\/wp\/v2\/pages\/5094\/revisions"}],"predecessor-version":[{"id":5591,"href":"https:\/\/abep-prodabel.com.br\/index.php\/wp-json\/wp\/v2\/pages\/5094\/revisions\/5591"}],"wp:attachment":[{"href":"https:\/\/abep-prodabel.com.br\/index.php\/wp-json\/wp\/v2\/media?parent=5094"}],"curies":[{"name":"wp","href":"https:\/\/api.w.org\/{rel}","templated":true}]}}